{"id":5966,"date":"2018-03-22T08:36:12","date_gmt":"2018-03-22T07:36:12","guid":{"rendered":"https:\/\/www.ennigerloh-erleben.de\/?page_id=5966"},"modified":"2021-03-15T14:12:36","modified_gmt":"2021-03-15T13:12:36","slug":"kleeblattroute","status":"publish","type":"page","link":"https:\/\/www.ennigerloh-erleben.de\/?page_id=5966","title":{"rendered":"Kleeblattroute"},"content":{"rendered":"<h2>Kleeblatt-Radroute<\/h2>\n<p><a href=\"https:\/\/www.ennigerloh-erleben.de\/wp-content\/uploads\/kleeblattroute.jpg\"><img loading=\"lazy\" decoding=\"async\" class=\"size-full wp-image-5967 alignright\" src=\"https:\/\/www.ennigerloh-erleben.de\/wp-content\/uploads\/kleeblattroute.jpg\" alt=\"\" width=\"215\" height=\"128\" \/><\/a>Namensgeber der Route ist das Ennigerloher Kleeblatt. Das Ennigerloher Kleeblatt ist ein Quartett aus Ennigerloher B\u00fcrgern, die in historischen Kost\u00fcmen Figuren aus l\u00e4ngst vergangener Zeit darstellen. Symbolisch stehen die vier Figuren f\u00fcr die einzelnen Ortsteile Ennigerlohs &#8211; der M\u00fcller f\u00fcr Ennigerloh, der Junker Vo\u00df f\u00fcr Enniger, der Steink\u00fchler f\u00fcr Westkirchen und die Baroness f\u00fcr Ostenfelde.<\/p>\n","protected":false},"excerpt":{"rendered":"<p>Kleeblatt-Radroute Namensgeber der Route ist das Ennigerloher Kleeblatt. Das Ennigerloher Kleeblatt ist ein Quartett aus Ennigerloher B\u00fcrgern, die in historischen Kost\u00fcmen Figuren aus l\u00e4ngst vergangener Zeit darstellen. Symbolisch stehen die vier Figuren f\u00fcr die einzelnen Ortsteile Ennigerlohs &#8211; der M\u00fcller f\u00fcr Ennigerloh, der Junker Vo\u00df f\u00fcr Enniger, der Steink\u00fchler f\u00fcr Westkirchen und die Baroness f\u00fcr [&hellip;]<\/p>\n","protected":false},"author":4,"featured_media":0,"parent":4055,"menu_order":0,"comment_status":"closed","ping_status":"closed","template":"","meta":{"_acf_changed":false,"footnotes":""},"class_list":["post-5966","page","type-page","status-publish","hentry"],"acf":[],"_links":{"self":[{"href":"https:\/\/www.ennigerloh-erleben.de\/index.php?rest_route=\/wp\/v2\/pages\/5966","targetHints":{"allow":["GET"]}}],"collection":[{"href":"https:\/\/www.ennigerloh-erleben.de\/index.php?rest_route=\/wp\/v2\/pages"}],"about":[{"href":"https:\/\/www.ennigerloh-erleben.de\/index.php?rest_route=\/wp\/v2\/types\/page"}],"author":[{"embeddable":true,"href":"https:\/\/www.ennigerloh-erleben.de\/index.php?rest_route=\/wp\/v2\/users\/4"}],"replies":[{"embeddable":true,"href":"https:\/\/www.ennigerloh-erleben.de\/index.php?rest_route=%2Fwp%2Fv2%2Fcomments&post=5966"}],"version-history":[{"count":4,"href":"https:\/\/www.ennigerloh-erleben.de\/index.php?rest_route=\/wp\/v2\/pages\/5966\/revisions"}],"predecessor-version":[{"id":5977,"href":"https:\/\/www.ennigerloh-erleben.de\/index.php?rest_route=\/wp\/v2\/pages\/5966\/revisions\/5977"}],"up":[{"embeddable":true,"href":"https:\/\/www.ennigerloh-erleben.de\/index.php?rest_route=\/wp\/v2\/pages\/4055"}],"wp:attachment":[{"href":"https:\/\/www.ennigerloh-erleben.de\/index.php?rest_route=%2Fwp%2Fv2%2Fmedia&parent=5966"}],"curies":[{"name":"wp","href":"https:\/\/api.w.org\/{rel}","templated":true}]}}