{"id":4061,"date":"2016-05-18T09:58:33","date_gmt":"2016-05-18T07:58:33","guid":{"rendered":"https:\/\/www.ennigerloh-erleben.de\/?page_id=4061"},"modified":"2025-05-28T08:30:52","modified_gmt":"2025-05-28T06:30:52","slug":"reiten","status":"publish","type":"page","link":"https:\/\/www.ennigerloh-erleben.de\/?page_id=4061","title":{"rendered":"Reiten"},"content":{"rendered":"<h2>Reitrouten &#8211; Gemeinsam mit dem Pferd durch das M\u00fcnsterland<\/h2>\n<p>Das M\u00fcnsterland ist pr\u00e4destiniert f\u00fcr Ausritte hoch zu Ross. Das Reitroutennetz wird stetig ausgebaut. 2013 wurde die sich \u00fcber das gesamte M\u00fcnsterland erstreckende &#8222;M\u00fcnsterland-Reitroute&#8220; fertig gestellt. Die Route umfasst insgesamt 1.000 km und verbindet dabei die Kreise Borken, Coesfeld, Recklinghausen, Steinfurt und Warendorf sowie die Stadt M\u00fcnster miteinander.<\/p>\n<p>Ein 34 km langer Teilabschnitt der M\u00fcnsterland-Reitroute f\u00fchrt \u00fcber Oelde und Ennigerloh nach Beelen. Entlang dieses Abschnittes liegen f\u00fcnf Reit- und Raststationen, die Reiter und Pferde versorgen bzw. Beherbergungsm\u00f6glichkeiten bieten.<\/p>\n<p>Weitere Informationen:<\/p>\n<ul>\n<li><a href=\"https:\/\/www.ennigerloh-erleben.de\/wp-content\/uploads\/reiturlaub-pferdeurlaub-muensterland-2016.pdf\" target=\"_blank\" rel=\"noopener noreferrer\">Reit- und Pferdeurlaub im M\u00fcnsterland<\/a><\/li>\n<li><a href=\"https:\/\/www.parklandschaft-warendorf.de\/fileadmin\/tourismus\/Kataloge-Flyer\/Endfassung_Reitkarte_WAF_2023.pdf\" target=\"_blank\" rel=\"noopener noreferrer\">Karte der Reitrouten im Kreis Warendorf<\/a><\/li>\n<li><a href=\"https:\/\/www.parklandschaft-warendorf.de\/fileadmin\/tourismus\/Kataloge-Flyer\/Endfassung_Begleitheft_WAF_2023.pdf\" target=\"_blank\" rel=\"noopener noreferrer\">Begleitheft zu Reitrouten<\/a><\/li>\n<\/ul>\n","protected":false},"excerpt":{"rendered":"<p>Reitrouten &#8211; Gemeinsam mit dem Pferd durch das M\u00fcnsterland Das M\u00fcnsterland ist pr\u00e4destiniert f\u00fcr Ausritte hoch zu Ross. Das Reitroutennetz wird stetig ausgebaut. 2013 wurde die sich \u00fcber das gesamte M\u00fcnsterland erstreckende &#8222;M\u00fcnsterland-Reitroute&#8220; fertig gestellt. Die Route umfasst insgesamt 1.000 km und verbindet dabei die Kreise Borken, Coesfeld, Recklinghausen, Steinfurt und Warendorf sowie die Stadt [&hellip;]<\/p>\n","protected":false},"author":14,"featured_media":0,"parent":4037,"menu_order":0,"comment_status":"closed","ping_status":"closed","template":"","meta":{"_acf_changed":false,"footnotes":""},"class_list":["post-4061","page","type-page","status-publish","hentry"],"acf":[],"_links":{"self":[{"href":"https:\/\/www.ennigerloh-erleben.de\/index.php?rest_route=\/wp\/v2\/pages\/4061","targetHints":{"allow":["GET"]}}],"collection":[{"href":"https:\/\/www.ennigerloh-erleben.de\/index.php?rest_route=\/wp\/v2\/pages"}],"about":[{"href":"https:\/\/www.ennigerloh-erleben.de\/index.php?rest_route=\/wp\/v2\/types\/page"}],"author":[{"embeddable":true,"href":"https:\/\/www.ennigerloh-erleben.de\/index.php?rest_route=\/wp\/v2\/users\/14"}],"replies":[{"embeddable":true,"href":"https:\/\/www.ennigerloh-erleben.de\/index.php?rest_route=%2Fwp%2Fv2%2Fcomments&post=4061"}],"version-history":[{"count":12,"href":"https:\/\/www.ennigerloh-erleben.de\/index.php?rest_route=\/wp\/v2\/pages\/4061\/revisions"}],"predecessor-version":[{"id":10701,"href":"https:\/\/www.ennigerloh-erleben.de\/index.php?rest_route=\/wp\/v2\/pages\/4061\/revisions\/10701"}],"up":[{"embeddable":true,"href":"https:\/\/www.ennigerloh-erleben.de\/index.php?rest_route=\/wp\/v2\/pages\/4037"}],"wp:attachment":[{"href":"https:\/\/www.ennigerloh-erleben.de\/index.php?rest_route=%2Fwp%2Fv2%2Fmedia&parent=4061"}],"curies":[{"name":"wp","href":"https:\/\/api.w.org\/{rel}","templated":true}]}}