{"id":4057,"date":"2016-05-18T09:57:50","date_gmt":"2016-05-18T07:57:50","guid":{"rendered":"https:\/\/www.ennigerloh-erleben.de\/?page_id=4057"},"modified":"2021-03-15T14:11:15","modified_gmt":"2021-03-15T13:11:15","slug":"zementroute","status":"publish","type":"page","link":"https:\/\/www.ennigerloh-erleben.de\/?page_id=4057","title":{"rendered":"Zementroute"},"content":{"rendered":"<h2>Zement-Radroute Ennigerloh<\/h2>\n<p>Ennigerloh ist eine attraktive Kleinstadt im Herzen des Kreises Warendorf, im s\u00fcd-\u00f6stlichen M\u00fcnsterland \u2013 ein Paradies f\u00fcr Radfahrer. Die Stadt liegt im St\u00e4dtedreieck Hamm \u2013 M\u00fcnster &#8211; Bielefeld und ist von der Autobahn aus bestens zu erreichen. Bis zur Mitte des 19. Jahrhunderts war Ennigerloh wirtschaftlich ein Bauerndorf. Heute ist Ennigerloh ein Industrieort mit einer interessanten Branchenstruktur. Bereits gegen Ende des 19. Jahrhunderts entwickelte sich die Zementindustrie. Sp\u00e4ter kam der Zementanlagenbau hinzu. 2010 blickte die Stadt auf 1150 Jahre Geschichte zur\u00fcck, die in den letzten 100 Jahren wesentlich vom Zement mitbestimmt wurde \u2013 zumal fast 10 Werke ihren Standort in Ennigerloh hatten. Die Verbundenheit zum Zement zeigt sich auch im Stadtwappen: <img loading=\"lazy\" decoding=\"async\" class=\"alignleft size-full wp-image-4076\" src=\"https:\/\/www.ennigerloh-erleben.de\/wp-content\/uploads\/wappen_ennigerloh.gif\" alt=\"wappen_ennigerloh\" width=\"141\" height=\"170\" \/><strong>Drei Muscheln \u2013 Synonyme- f\u00fcr den aus Kalkstein gewonnenen Zement.<\/strong> Entlang der Zement-Radroute sind Gegenwart und Geschichte des Zementabbaus in Ennigerloh lebendig. Vorbei an Werksstandorten und Steinbr\u00fcchen im Ennigerloher Umfeld l\u00e4sst sich allseits Neues entdecken und Interessantes erfahren. Sportliche Bet\u00e4tigung inklusive Kulturprogramm \u2013 die perfekte Mischung f\u00fcr einen sch\u00f6nen Ausflug ins Gr\u00fcne!<\/p>\n","protected":false},"excerpt":{"rendered":"<p>Zement-Radroute Ennigerloh Ennigerloh ist eine attraktive Kleinstadt im Herzen des Kreises Warendorf, im s\u00fcd-\u00f6stlichen M\u00fcnsterland \u2013 ein Paradies f\u00fcr Radfahrer. Die Stadt liegt im St\u00e4dtedreieck Hamm \u2013 M\u00fcnster &#8211; Bielefeld und ist von der Autobahn aus bestens zu erreichen. Bis zur Mitte des 19. Jahrhunderts war Ennigerloh wirtschaftlich ein Bauerndorf. Heute ist Ennigerloh ein Industrieort [&hellip;]<\/p>\n","protected":false},"author":1,"featured_media":0,"parent":4055,"menu_order":0,"comment_status":"closed","ping_status":"closed","template":"","meta":{"_acf_changed":false,"footnotes":""},"class_list":["post-4057","page","type-page","status-publish","hentry"],"acf":[],"_links":{"self":[{"href":"https:\/\/www.ennigerloh-erleben.de\/index.php?rest_route=\/wp\/v2\/pages\/4057","targetHints":{"allow":["GET"]}}],"collection":[{"href":"https:\/\/www.ennigerloh-erleben.de\/index.php?rest_route=\/wp\/v2\/pages"}],"about":[{"href":"https:\/\/www.ennigerloh-erleben.de\/index.php?rest_route=\/wp\/v2\/types\/page"}],"author":[{"embeddable":true,"href":"https:\/\/www.ennigerloh-erleben.de\/index.php?rest_route=\/wp\/v2\/users\/1"}],"replies":[{"embeddable":true,"href":"https:\/\/www.ennigerloh-erleben.de\/index.php?rest_route=%2Fwp%2Fv2%2Fcomments&post=4057"}],"version-history":[{"count":8,"href":"https:\/\/www.ennigerloh-erleben.de\/index.php?rest_route=\/wp\/v2\/pages\/4057\/revisions"}],"predecessor-version":[{"id":5978,"href":"https:\/\/www.ennigerloh-erleben.de\/index.php?rest_route=\/wp\/v2\/pages\/4057\/revisions\/5978"}],"up":[{"embeddable":true,"href":"https:\/\/www.ennigerloh-erleben.de\/index.php?rest_route=\/wp\/v2\/pages\/4055"}],"wp:attachment":[{"href":"https:\/\/www.ennigerloh-erleben.de\/index.php?rest_route=%2Fwp%2Fv2%2Fmedia&parent=4057"}],"curies":[{"name":"wp","href":"https:\/\/api.w.org\/{rel}","templated":true}]}}