{"id":4055,"date":"2016-05-18T09:57:34","date_gmt":"2016-05-18T07:57:34","guid":{"rendered":"https:\/\/www.ennigerloh-erleben.de\/?page_id=4055"},"modified":"2025-05-27T14:14:37","modified_gmt":"2025-05-27T12:14:37","slug":"radfahren","status":"publish","type":"page","link":"https:\/\/www.ennigerloh-erleben.de\/?page_id=4055","title":{"rendered":"Radfahren"},"content":{"rendered":"<h2>AKTIV UNTERWEGS: Das M\u00fcnsterland auf dem Rad entdecken<\/h2>\n<p>Das Stadtmarketing Ennigerloh h\u00e4lt Prospekte und Spezialkarten f\u00fcr Sie bereit, um Ihnen wunderbare Radtouren mit vielen Sehensw\u00fcrdigkeiten in und um Ennigerloh herum zu vermitteln. Die Beschilderung ist durchg\u00e4ngig gut, so dass auch die Kombination verschiedener Radrouten m\u00f6glich ist. Sie k\u00f6nnen also auch spontan losradeln. Sofort gelangen Sie \u00fcber Radwege und das gut ausgebaute Wirtschaftswegenetz in die gr\u00fcne Natur.<\/p>\n<ul>\n<li><a href=\"https:\/\/www.ennigerloh-erleben.de\/wp-content\/uploads\/2025\/05\/Radkatalog-2025-Endfassung-1.pdf\">Radfahren 2025<\/a><\/li>\n<li><a href=\"https:\/\/www.ennigerloh-erleben.de\/wp-content\/uploads\/2025\/05\/Radplanungskarte-2023-Endfassung_web-1.pdf\">Radplanungskarte<\/a><\/li>\n<\/ul>\n<p><strong>Fahrrad- und E-Bike-Verleih<\/strong> Informationen \u00fcber Verleihstationen erhalten Sie beim Stadtmarketing Ennigerloh, <strong>Hotline (02524) 28-3010<\/strong>. Zurzeit bieten wir auch direkt den Verleih von zwei E-Bikes an. Die Kosten pro E-Bike belaufen sich auf 10,- \u20ac\/Tag oder 20,- \u20ac Wochenendpauschale.<\/p>\n<ul>\n<li><a href=\"https:\/\/www.ennigerloh-erleben.de\/wp-content\/uploads\/2024\/05\/Ausleihvereinbarung-E-Bikes_2024.pdf\" target=\"_blank\" rel=\"noopener noreferrer\">Ausleihvereinbarung f\u00fcr E-Bikes<\/a><\/li>\n<\/ul>\n<p><strong>FahrradBus<\/strong> An den Wochenenden in den Sommermonaten pendelt ein FahrradBus zwischen M\u00fcnster und Beckum mit verschiedenen Haltepunkten in und um Ennigerloh. Sie k\u00f6nnen so l\u00e4ngere Strecken \u00fcberwinden und unterschiedliche Start- und Zielpunkte kombinieren. Ihr Fahrrad wird dabei sicher in einem Anh\u00e4nger transportiert. N\u00e4here Informationen erhalten Sie bei RVM Regionalverkehr M\u00fcnsterland GmbH: <a href=\"http:\/\/www.rvm-online.de\" target=\"_blank\" rel=\"noopener noreferrer\">www.rvm-online.de<\/a><\/p>\n<h2>Interessante Radwege in der Umgebung<\/h2>\n<p>Sie m\u00f6chten auch die weitere Umgebung gern mit dem Rad erkunden. <a href=\"https:\/\/www.ennigerloh-erleben.de\/?ait-portfolio-item=radfahren\">&gt;&gt;Hier&lt;&lt;<\/a> haben wir f\u00fcr Sie ein paar interessante Radwege zusammengestellt.<\/p>\n","protected":false},"excerpt":{"rendered":"<p>AKTIV UNTERWEGS: Das M\u00fcnsterland auf dem Rad entdecken Das Stadtmarketing Ennigerloh h\u00e4lt Prospekte und Spezialkarten f\u00fcr Sie bereit, um Ihnen wunderbare Radtouren mit vielen Sehensw\u00fcrdigkeiten in und um Ennigerloh herum zu vermitteln. Die Beschilderung ist durchg\u00e4ngig gut, so dass auch die Kombination verschiedener Radrouten m\u00f6glich ist. Sie k\u00f6nnen also auch spontan losradeln. Sofort gelangen Sie [&hellip;]<\/p>\n","protected":false},"author":14,"featured_media":0,"parent":4037,"menu_order":0,"comment_status":"closed","ping_status":"closed","template":"","meta":{"_acf_changed":false,"footnotes":""},"class_list":["post-4055","page","type-page","status-publish","hentry"],"acf":[],"_links":{"self":[{"href":"https:\/\/www.ennigerloh-erleben.de\/index.php?rest_route=\/wp\/v2\/pages\/4055","targetHints":{"allow":["GET"]}}],"collection":[{"href":"https:\/\/www.ennigerloh-erleben.de\/index.php?rest_route=\/wp\/v2\/pages"}],"about":[{"href":"https:\/\/www.ennigerloh-erleben.de\/index.php?rest_route=\/wp\/v2\/types\/page"}],"author":[{"embeddable":true,"href":"https:\/\/www.ennigerloh-erleben.de\/index.php?rest_route=\/wp\/v2\/users\/14"}],"replies":[{"embeddable":true,"href":"https:\/\/www.ennigerloh-erleben.de\/index.php?rest_route=%2Fwp%2Fv2%2Fcomments&post=4055"}],"version-history":[{"count":43,"href":"https:\/\/www.ennigerloh-erleben.de\/index.php?rest_route=\/wp\/v2\/pages\/4055\/revisions"}],"predecessor-version":[{"id":11467,"href":"https:\/\/www.ennigerloh-erleben.de\/index.php?rest_route=\/wp\/v2\/pages\/4055\/revisions\/11467"}],"up":[{"embeddable":true,"href":"https:\/\/www.ennigerloh-erleben.de\/index.php?rest_route=\/wp\/v2\/pages\/4037"}],"wp:attachment":[{"href":"https:\/\/www.ennigerloh-erleben.de\/index.php?rest_route=%2Fwp%2Fv2%2Fmedia&parent=4055"}],"curies":[{"name":"wp","href":"https:\/\/api.w.org\/{rel}","templated":true}]}}