{"id":4050,"date":"2016-05-18T09:56:31","date_gmt":"2016-05-18T07:56:31","guid":{"rendered":"https:\/\/www.ennigerloh-erleben.de\/?page_id=4050"},"modified":"2025-05-28T08:39:51","modified_gmt":"2025-05-28T06:39:51","slug":"enniger-maerkte","status":"publish","type":"page","link":"https:\/\/www.ennigerloh-erleben.de\/?page_id=4050","title":{"rendered":"Enniger M\u00e4rkte"},"content":{"rendered":"<p>Einige der wichtigen Ziele des Heimatvereins Enniger ist der Erhalt heimatlicher Sitten und Gebr\u00e4uche, sowie der Schutz und der Erhalt der Pflanzen und Tiere in Enniger und Umgebung. Auch der Bau und Erhalt von Wander- und Radwegen geh\u00f6rt zu diesen Zielen. Neben der Organisation von Spargel- und Bauernmarkt k\u00fcmmert sich der Marktausschuss des Heimatvereins sehr intensiv um die Organisation, Durchf\u00fchrung, Erhalt und Erweiterung eines der \u00e4ltesten M\u00e4rkte in Westfalen, den altber\u00fchmten Enniger Markt.<\/p>\n<p>Weitere Informationen finden Sie im<\/p>\n<a\n\thref=\"https:\/\/www.ennigerloh-erleben.de\/wp-content\/uploads\/Enniger_Flyer.pdf\"\n\ttarget=\"_blank\"\tid=\"ait-sc-button-1\"\n\tclass=\"ait-sc-button alignnone  buticon-left    simple\"\n\tstyle=\"width:180px;background-color:#28a737; border-color:#28a737;\"\n>\n\t<span class=\"container\">\n\t\t<span class=\"wrap\">\n\n\t\t\t\n\t\t\t\t\t\t<span class=\"text\" style=\"text-align:center;\">\n\t\t\t\t\t\t\t\t<span class=\"title\" style=\"color:#ffffff;\">\n\t\t\t\t\tFLYER ZU ENNIGER M\u00c4RKTEN\t\t\t\t<\/span>\n\t\t\t\t\t\t\t\t\t\t\t<\/span>\n\t\t\t\n\t\t\t\t\t<\/span>\n\t<\/span>\n<\/a>\n\n","protected":false},"excerpt":{"rendered":"<p>Einige der wichtigen Ziele des Heimatvereins Enniger ist der Erhalt heimatlicher Sitten und Gebr\u00e4uche, sowie der Schutz und der Erhalt der Pflanzen und Tiere in Enniger und Umgebung. Auch der Bau und Erhalt von Wander- und Radwegen geh\u00f6rt zu diesen Zielen. Neben der Organisation von Spargel- und Bauernmarkt k\u00fcmmert sich der Marktausschuss des Heimatvereins sehr [&hellip;]<\/p>\n","protected":false},"author":1,"featured_media":0,"parent":4043,"menu_order":0,"comment_status":"closed","ping_status":"closed","template":"","meta":{"_acf_changed":false,"footnotes":""},"class_list":["post-4050","page","type-page","status-publish","hentry"],"acf":[],"_links":{"self":[{"href":"https:\/\/www.ennigerloh-erleben.de\/index.php?rest_route=\/wp\/v2\/pages\/4050","targetHints":{"allow":["GET"]}}],"collection":[{"href":"https:\/\/www.ennigerloh-erleben.de\/index.php?rest_route=\/wp\/v2\/pages"}],"about":[{"href":"https:\/\/www.ennigerloh-erleben.de\/index.php?rest_route=\/wp\/v2\/types\/page"}],"author":[{"embeddable":true,"href":"https:\/\/www.ennigerloh-erleben.de\/index.php?rest_route=\/wp\/v2\/users\/1"}],"replies":[{"embeddable":true,"href":"https:\/\/www.ennigerloh-erleben.de\/index.php?rest_route=%2Fwp%2Fv2%2Fcomments&post=4050"}],"version-history":[{"count":7,"href":"https:\/\/www.ennigerloh-erleben.de\/index.php?rest_route=\/wp\/v2\/pages\/4050\/revisions"}],"predecessor-version":[{"id":4476,"href":"https:\/\/www.ennigerloh-erleben.de\/index.php?rest_route=\/wp\/v2\/pages\/4050\/revisions\/4476"}],"up":[{"embeddable":true,"href":"https:\/\/www.ennigerloh-erleben.de\/index.php?rest_route=\/wp\/v2\/pages\/4043"}],"wp:attachment":[{"href":"https:\/\/www.ennigerloh-erleben.de\/index.php?rest_route=%2Fwp%2Fv2%2Fmedia&parent=4050"}],"curies":[{"name":"wp","href":"https:\/\/api.w.org\/{rel}","templated":true}]}}