{"id":4043,"date":"2016-04-28T10:47:19","date_gmt":"2016-04-28T08:47:19","guid":{"rendered":"https:\/\/www.ennigerloh-erleben.de\/?page_id=4043"},"modified":"2025-05-28T08:37:33","modified_gmt":"2025-05-28T06:37:33","slug":"enniger","status":"publish","type":"page","link":"https:\/\/www.ennigerloh-erleben.de\/?page_id=4043","title":{"rendered":"Enniger"},"content":{"rendered":"<h2>&#8222;Portrait eines <a href=\"https:\/\/www.ennigerloh-erleben.de\/wp-content\/uploads\/Wappen_Enniger.png\"><img loading=\"lazy\" decoding=\"async\" class=\"wp-image-4086 alignleft\" src=\"https:\/\/www.ennigerloh-erleben.de\/wp-content\/uploads\/Wappen_Enniger-287x300.png\" alt=\"Wappen_Enniger\" width=\"143\" height=\"150\" srcset=\"https:\/\/www.ennigerloh-erleben.de\/wp-content\/uploads\/Wappen_Enniger-287x300.png 287w, https:\/\/www.ennigerloh-erleben.de\/wp-content\/uploads\/Wappen_Enniger.png 675w\" sizes=\"auto, (max-width: 143px) 100vw, 143px\" \/><\/a>freundlichen Dorfes&#8220;<\/h2>\n<p>Enniger liegt mit seinen ca. 3.500 Einwohnern im \u00f6stlichen M\u00fcnsterland in der Mitte der Westf\u00e4lischen Bucht. Der erste Hof Enniger wurde ziemlich wahrscheinlich im 9. Jahrhundert gegr\u00fcndet und bildete die Basis des heutigen Dorfes. Die \u00e4lteste einwandfreie Datierung des Ortsnamens &#8222;ANIGERE&#8220; stammt aus dem Jahre 1226.<\/p>\n<p>Enniger ist eine Gr\u00fcndung des Archidiakonates St. Mauritz zu M\u00fcnster, dem schon um 1000 der Gr\u00e4ftenhof des Hauses Enniger zugeh\u00f6rig war und auf dessen Grund auch die Kirche erbaut wurde. Mit dem Gut waren belehnt: Bertholdus de Anyngere, 1366 Johann von Walegarden, 1443 Henrik von Horstel, dessen Tochter heiratete einen von Vo\u00df aus Telgte. Mitte des 17. Jahrhunderts ehelichte ein Freiherr von Leutersam die letzte Erbin derer von Vo\u00df.<\/p>\n<div id=\"attachment_4342\" style=\"width: 175px\" class=\"wp-caption alignright\"><img loading=\"lazy\" decoding=\"async\" aria-describedby=\"caption-attachment-4342\" class=\"size-full wp-image-4342\" src=\"https:\/\/www.ennigerloh-erleben.de\/wp-content\/uploads\/Buecherei_an_der_Pfarrhaustenne_rdax_165x220.jpg\" alt=\"B\u00fccherei an der Pfarrhaustherme\" width=\"165\" height=\"220\" \/><p id=\"caption-attachment-4342\" class=\"wp-caption-text\">B\u00fccherei an der Pfarrhaustenne<\/p><\/div>\n<p>Der Name derer von Vo\u00df lebt in der Tradition des Ortes weiter, zum Enniger Traditionsmarkt geh\u00f6rt der Junker Vo\u00df ebenso wie der Kiepenkerl als Symbolfigur. Mit der S\u00e4kularisation wurde Haus Enniger staatliches Som\u00e4nengut. Zu Haus Enniger geh\u00f6rte auch die noch heute erhaltene Vossbachm\u00fchle. Als 1448 der letzte m\u00e4nnliche Spross starb, heiratete dessen Schwester Anna den Dietrich von dem Berge, der um 1500 HAUS NEUENGRABEN erbaute. Von Anna zu Berge stammte auch die erste Vikarie-Gr\u00fcndung aus dem Jahre 1527.<\/p>\n<p>Weitere Besitzer von Haus Neuengraben waren Mitte des 17. Jahrhunderts Jobst Caspar von der Engelborg. Dieser verkaufte den belasteten Besitz an Graf von Galen in Dinklage. Der letzte adelige Besitzer Graf von Galen Lippborg verkaufte 1975 den Besitz mit rund 400 Morgen an den Fabrikanten Kaldewey in Ahlen, der aus unerkl\u00e4rlichen Gr\u00fcnden Haus Neuengraben mitsamt der alten M\u00fchle abrei\u00dfen lie\u00df, obwohl die Gemeinde Enniger und er Heimatverein Interesse an einer Nutzung erkennen lie\u00dfe.<\/p>\n<h2>Enniger heute<\/h2>\n<p>Durch die Initiative der Ennigeraner wurde die Alte M\u00fchle am Vossbach in der N\u00e4he des Marienhospitals wieder aufgebaut und kann heute noch als Begegnungsst\u00e4tte genutzt werden. Das im Jahre 1913 erbaute Krankenhaus, das jahrelang von der Heiligenst\u00e4dter Schwestern gef\u00fchrt wurde, ist im Zuge der Aufl\u00f6sung kleinerer Krankenh\u00e4user zu einer Anstalt f\u00fcr die Aufnahme psychisch Kranker umfunktioniert worden.<\/p>\n<div id=\"attachment_4343\" style=\"width: 175px\" class=\"wp-caption alignleft\"><img loading=\"lazy\" decoding=\"async\" aria-describedby=\"caption-attachment-4343\" class=\"size-full wp-image-4343\" src=\"https:\/\/www.ennigerloh-erleben.de\/wp-content\/uploads\/Kapelle_Rueckamp_Seitenansicht_rdax_165x220.jpg\" alt=\"Kapelle R\u00fcckamp\" width=\"165\" height=\"220\" \/><p id=\"caption-attachment-4343\" class=\"wp-caption-text\">Kapelle R\u00fcckamp<\/p><\/div>\n<p>Mit seiner z. T. nocherhaltenen Gr\u00e4fte und dem alten Fachwerk &#8211; gestiftet 1679 &#8211; ist der Pfarrhof ein Schmuckst\u00fcck im Weichbild des Dorfes und ein h\u00e4ufiges Ziel als Fremdenverkehrsattraktion.<\/p>\n<p>Die R\u00fcck\u00e4mper Kapelle &#8211; 300 Jahre alt &#8211; hat f\u00fcr unser Gebiet im Vorspann der Aktuellen Stunde im Fernsehen geworben. Ein reges Vereinsleben h\u00e4lt die Traditionen dieses schmucken D\u00f6rfchens aufrecht. Herausragend hierbei der Heimatverein, der j\u00e4hrlich in der 2. Juliwoche den &#8222;Enniger Traditionsmarkt veranstaltet. Am 1. 1. 1975 wurde Enniger Stadtteil von Ennigerloh.<\/p>\n","protected":false},"excerpt":{"rendered":"<p>&#8222;Portrait eines freundlichen Dorfes&#8220; Enniger liegt mit seinen ca. 3.500 Einwohnern im \u00f6stlichen M\u00fcnsterland in der Mitte der Westf\u00e4lischen Bucht. Der erste Hof Enniger wurde ziemlich wahrscheinlich im 9. Jahrhundert gegr\u00fcndet und bildete die Basis des heutigen Dorfes. Die \u00e4lteste einwandfreie Datierung des Ortsnamens &#8222;ANIGERE&#8220; stammt aus dem Jahre 1226. Enniger ist eine Gr\u00fcndung des [&hellip;]<\/p>\n","protected":false},"author":14,"featured_media":0,"parent":0,"menu_order":0,"comment_status":"closed","ping_status":"closed","template":"","meta":{"_acf_changed":false,"footnotes":""},"class_list":["post-4043","page","type-page","status-publish","hentry"],"acf":[],"_links":{"self":[{"href":"https:\/\/www.ennigerloh-erleben.de\/index.php?rest_route=\/wp\/v2\/pages\/4043","targetHints":{"allow":["GET"]}}],"collection":[{"href":"https:\/\/www.ennigerloh-erleben.de\/index.php?rest_route=\/wp\/v2\/pages"}],"about":[{"href":"https:\/\/www.ennigerloh-erleben.de\/index.php?rest_route=\/wp\/v2\/types\/page"}],"author":[{"embeddable":true,"href":"https:\/\/www.ennigerloh-erleben.de\/index.php?rest_route=\/wp\/v2\/users\/14"}],"replies":[{"embeddable":true,"href":"https:\/\/www.ennigerloh-erleben.de\/index.php?rest_route=%2Fwp%2Fv2%2Fcomments&post=4043"}],"version-history":[{"count":19,"href":"https:\/\/www.ennigerloh-erleben.de\/index.php?rest_route=\/wp\/v2\/pages\/4043\/revisions"}],"predecessor-version":[{"id":10429,"href":"https:\/\/www.ennigerloh-erleben.de\/index.php?rest_route=\/wp\/v2\/pages\/4043\/revisions\/10429"}],"wp:attachment":[{"href":"https:\/\/www.ennigerloh-erleben.de\/index.php?rest_route=%2Fwp%2Fv2%2Fmedia&parent=4043"}],"curies":[{"name":"wp","href":"https:\/\/api.w.org\/{rel}","templated":true}]}}