{"id":4037,"date":"2016-04-28T10:46:11","date_gmt":"2016-04-28T08:46:11","guid":{"rendered":"https:\/\/www.ennigerloh-erleben.de\/?page_id=4037"},"modified":"2025-05-28T08:37:17","modified_gmt":"2025-05-28T06:37:17","slug":"ennigerloh","status":"publish","type":"page","link":"https:\/\/www.ennigerloh-erleben.de\/?page_id=4037","title":{"rendered":"Ennigerloh"},"content":{"rendered":"<h2><img loading=\"lazy\" decoding=\"async\" class=\"alignleft size-full wp-image-4076\" src=\"https:\/\/www.ennigerloh-erleben.de\/wp-content\/uploads\/wappen_ennigerloh.gif\" alt=\"wappen_ennigerloh\" width=\"141\" height=\"170\" \/>\u00dcber 1155 Jahre Geschichte<\/h2>\n<p>Zum ersten Mal urkundlich erw\u00e4hnt wird Ennigerloh im Jahr 860 aus Anlass der Gr\u00fcndung des Klosters Herzebrock. Um 1050 wurden in den \u00e4ltesten Heberollen des Stiftes Freckenhorst zusammen mit dem Haupthof Aningeralo (heute Hof Schulze N\u00fcnning) bereits viele H\u00f6fe gelistet, die dem Kloster abgabepflichtig waren.<\/p>\n<p>Im Jahre 1240 \u00fcbernahm der Bischof von M\u00fcnster die zu Rheda geh\u00f6rende Vogtei Ennigerloh von Edelherr Bernhard zur Lippe. 1690 wurde der Platz eines Femegerichtes und eines Freistuhls, Eigentum des Bischofs von M\u00fcnster, zur Bebauung freigegeben. Daraus entstand der bekannte &#8222;<a href=\"https:\/\/www.ennigerloh-erleben.de\/ennigerloh\/altstadt-drubbel\/\">Drubbel<\/a>&#8222;, der alte Stadtkern Ennigerlohs.<\/p>\n","protected":false},"excerpt":{"rendered":"<p>\u00dcber 1155 Jahre Geschichte Zum ersten Mal urkundlich erw\u00e4hnt wird Ennigerloh im Jahr 860 aus Anlass der Gr\u00fcndung des Klosters Herzebrock. Um 1050 wurden in den \u00e4ltesten Heberollen des Stiftes Freckenhorst zusammen mit dem Haupthof Aningeralo (heute Hof Schulze N\u00fcnning) bereits viele H\u00f6fe gelistet, die dem Kloster abgabepflichtig waren. Im Jahre 1240 \u00fcbernahm der Bischof [&hellip;]<\/p>\n","protected":false},"author":1,"featured_media":0,"parent":0,"menu_order":0,"comment_status":"closed","ping_status":"closed","template":"","meta":{"_acf_changed":false,"footnotes":""},"class_list":["post-4037","page","type-page","status-publish","hentry"],"acf":[],"_links":{"self":[{"href":"https:\/\/www.ennigerloh-erleben.de\/index.php?rest_route=\/wp\/v2\/pages\/4037","targetHints":{"allow":["GET"]}}],"collection":[{"href":"https:\/\/www.ennigerloh-erleben.de\/index.php?rest_route=\/wp\/v2\/pages"}],"about":[{"href":"https:\/\/www.ennigerloh-erleben.de\/index.php?rest_route=\/wp\/v2\/types\/page"}],"author":[{"embeddable":true,"href":"https:\/\/www.ennigerloh-erleben.de\/index.php?rest_route=\/wp\/v2\/users\/1"}],"replies":[{"embeddable":true,"href":"https:\/\/www.ennigerloh-erleben.de\/index.php?rest_route=%2Fwp%2Fv2%2Fcomments&post=4037"}],"version-history":[{"count":10,"href":"https:\/\/www.ennigerloh-erleben.de\/index.php?rest_route=\/wp\/v2\/pages\/4037\/revisions"}],"predecessor-version":[{"id":4080,"href":"https:\/\/www.ennigerloh-erleben.de\/index.php?rest_route=\/wp\/v2\/pages\/4037\/revisions\/4080"}],"wp:attachment":[{"href":"https:\/\/www.ennigerloh-erleben.de\/index.php?rest_route=%2Fwp%2Fv2%2Fmedia&parent=4037"}],"curies":[{"name":"wp","href":"https:\/\/api.w.org\/{rel}","templated":true}]}}